{"id":1698,"date":"2025-07-24T01:36:38","date_gmt":"2025-07-23T23:36:38","guid":{"rendered":"https:\/\/www.adeparquets.be\/contact\/"},"modified":"2025-09-30T00:59:00","modified_gmt":"2025-09-29T22:59:00","slug":"contact","status":"publish","type":"page","link":"https:\/\/www.adeparquets.be\/en\/contact\/","title":{"rendered":"Contact"},"content":{"rendered":"\t\t<div data-elementor-type=\"wp-page\" data-elementor-id=\"1698\" class=\"elementor elementor-1698 elementor-540\" data-elementor-post-type=\"page\">\n\t\t\t\t<div class=\"elementor-element elementor-element-79e932e4 e-flex e-con-boxed e-con e-parent\" data-id=\"79e932e4\" data-element_type=\"container\" data-settings=\"{&quot;background_background&quot;:&quot;classic&quot;,&quot;animation&quot;:&quot;none&quot;}\">\n\t\t\t\t\t<div class=\"e-con-inner\">\n\t\t<a class=\"elementor-element elementor-element-52be70bd e-con-full elementor-hidden-tablet elementor-hidden-mobile elementor-hidden-desktop e-flex elementor-invisible e-con e-child\" data-id=\"52be70bd\" data-element_type=\"container\" data-settings=\"{&quot;background_background&quot;:&quot;classic&quot;,&quot;position&quot;:&quot;fixed&quot;,&quot;animation&quot;:&quot;fadeInUp&quot;}\" href=\"#\">\n\t\t\t\t<div class=\"elementor-element elementor-element-7cdcde9d elementor-widget elementor-widget-image\" data-id=\"7cdcde9d\" data-element_type=\"widget\" data-widget_type=\"image.default\">\n\t\t\t\t<div class=\"elementor-widget-container\">\n\t\t\t\t\t\t\t\t\t\t\t\t\t\t\t<img decoding=\"async\" width=\"71\" height=\"77\" src=\"https:\/\/www.adeparquets.be\/wp-content\/uploads\/2025\/07\/Hand.svg\" class=\"attachment-large size-large wp-image-1413\" alt=\"\" \/>\t\t\t\t\t\t\t\t\t\t\t\t\t\t\t<\/div>\n\t\t\t\t<\/div>\n\t\t\t\t<div class=\"elementor-element elementor-element-6e7e92dd elementor-widget elementor-widget-heading\" data-id=\"6e7e92dd\" data-element_type=\"widget\" data-widget_type=\"heading.default\">\n\t\t\t\t<div class=\"elementor-widget-container\">\n\t\t\t\t\t<h2 class=\"elementor-heading-title elementor-size-default\">Quote<\/h2>\t\t\t\t<\/div>\n\t\t\t\t<\/div>\n\t\t\t\t<div class=\"elementor-element elementor-element-48d17dc3 elementor-widget elementor-widget-heading\" data-id=\"48d17dc3\" data-element_type=\"widget\" data-widget_type=\"heading.default\">\n\t\t\t\t<div class=\"elementor-widget-container\">\n\t\t\t\t\t<h2 class=\"elementor-heading-title elementor-size-default\">Online<\/h2>\t\t\t\t<\/div>\n\t\t\t\t<\/div>\n\t\t\t\t<\/a>\n\t\t<div class=\"elementor-element elementor-element-7e777b3b e-con-full e-flex e-con e-child\" data-id=\"7e777b3b\" data-element_type=\"container\">\n\t\t\t\t<div class=\"elementor-element elementor-element-3dde2474 elementor-absolute elementor-invisible elementor-widget elementor-widget-image\" data-id=\"3dde2474\" data-element_type=\"widget\" data-settings=\"{&quot;_position&quot;:&quot;absolute&quot;,&quot;_animation&quot;:&quot;fadeInUp&quot;,&quot;_animation_delay&quot;:600}\" data-widget_type=\"image.default\">\n\t\t\t\t<div class=\"elementor-widget-container\">\n\t\t\t\t\t\t\t\t\t\t\t\t\t\t\t<img fetchpriority=\"high\" decoding=\"async\" width=\"560\" height=\"120\" src=\"https:\/\/www.adeparquets.be\/wp-content\/uploads\/2025\/06\/logo-1.png\" class=\"attachment-large size-large wp-image-1411\" alt=\"\" srcset=\"https:\/\/www.adeparquets.be\/wp-content\/uploads\/2025\/06\/logo-1.png 560w, https:\/\/www.adeparquets.be\/wp-content\/uploads\/2025\/06\/logo-1-300x64.png 300w\" sizes=\"(max-width: 560px) 100vw, 560px\" \/>\t\t\t\t\t\t\t\t\t\t\t\t\t\t\t<\/div>\n\t\t\t\t<\/div>\n\t\t\t\t<\/div>\n\t\t\t\t<div class=\"elementor-element elementor-element-5dd8b244 elementor-absolute elementor-hidden-tablet elementor-hidden-mobile elementor-invisible elementor-widget elementor-widget-image\" data-id=\"5dd8b244\" data-element_type=\"widget\" data-settings=\"{&quot;_position&quot;:&quot;absolute&quot;,&quot;_animation&quot;:&quot;fadeInRight&quot;,&quot;_animation_delay&quot;:500}\" data-widget_type=\"image.default\">\n\t\t\t\t<div class=\"elementor-widget-container\">\n\t\t\t\t\t\t\t\t\t\t\t\t\t\t\t<img decoding=\"async\" width=\"1212\" height=\"1698\" src=\"https:\/\/www.adeparquets.be\/wp-content\/uploads\/2025\/07\/Service-3.jpg\" class=\"attachment-full size-full wp-image-1428\" alt=\"\" srcset=\"https:\/\/www.adeparquets.be\/wp-content\/uploads\/2025\/07\/Service-3.jpg 1212w, https:\/\/www.adeparquets.be\/wp-content\/uploads\/2025\/07\/Service-3-214x300.jpg 214w, https:\/\/www.adeparquets.be\/wp-content\/uploads\/2025\/07\/Service-3-731x1024.jpg 731w, https:\/\/www.adeparquets.be\/wp-content\/uploads\/2025\/07\/Service-3-768x1076.jpg 768w, https:\/\/www.adeparquets.be\/wp-content\/uploads\/2025\/07\/Service-3-1096x1536.jpg 1096w\" sizes=\"(max-width: 1212px) 100vw, 1212px\" \/>\t\t\t\t\t\t\t\t\t\t\t\t\t\t\t<\/div>\n\t\t\t\t<\/div>\n\t\t<div class=\"elementor-element elementor-element-3670629 e-con-full e-flex elementor-invisible e-con e-child\" data-id=\"3670629\" data-element_type=\"container\" data-settings=\"{&quot;animation&quot;:&quot;fadeIn&quot;}\">\n\t\t\t\t<div class=\"elementor-element elementor-element-6bfbcf91 elementor-invisible elementor-widget elementor-widget-heading\" data-id=\"6bfbcf91\" data-element_type=\"widget\" data-settings=\"{&quot;_animation&quot;:&quot;fadeInLeft&quot;,&quot;_animation_delay&quot;:500}\" data-widget_type=\"heading.default\">\n\t\t\t\t<div class=\"elementor-widget-container\">\n\t\t\t\t\t<h2 class=\"elementor-heading-title elementor-size-default\">Request a Quote<\/h2>\t\t\t\t<\/div>\n\t\t\t\t<\/div>\n\t\t\t\t<div class=\"elementor-element elementor-element-849dbe0 elementor-button-align-center mon-upload-personnalise elementor-widget elementor-widget-form\" data-id=\"849dbe0\" data-element_type=\"widget\" data-settings=\"{&quot;step_next_label&quot;:&quot;Next&quot;,&quot;step_previous_label&quot;:&quot;Previous&quot;,&quot;button_width&quot;:&quot;100&quot;,&quot;step_type&quot;:&quot;number_text&quot;,&quot;step_icon_shape&quot;:&quot;circle&quot;}\" data-widget_type=\"form.default\">\n\t\t\t\t<div class=\"elementor-widget-container\">\n\t\t\t\t\t\t\t<form class=\"elementor-form\" method=\"post\" name=\"New Form\" aria-label=\"New Form\">\n\t\t\t<input type=\"hidden\" name=\"post_id\" value=\"1698\"\/>\n\t\t\t<input type=\"hidden\" name=\"form_id\" value=\"849dbe0\"\/>\n\t\t\t<input type=\"hidden\" name=\"referer_title\" value=\"Contact - ADE Parquets\" \/>\n\n\t\t\t\t\t\t\t<input type=\"hidden\" name=\"queried_id\" value=\"1698\"\/>\n\t\t\t\n\t\t\t<div class=\"elementor-form-fields-wrapper elementor-labels-above\">\n\t\t\t\t\t\t\t\t<div class=\"elementor-field-type-text elementor-field-group elementor-column elementor-field-group-nom elementor-col-50 elementor-field-required\">\n\t\t\t\t\t\t\t\t\t\t\t\t\t<input size=\"1\" type=\"text\" name=\"form_fields[nom]\" id=\"form-field-nom\" class=\"elementor-field elementor-size-lg  elementor-field-textual\" placeholder=\"Name\" required=\"required\">\n\t\t\t\t\t\t\t\t\t\t\t<\/div>\n\t\t\t\t\t\t\t\t<div class=\"elementor-field-type-text elementor-field-group elementor-column elementor-field-group-prenom elementor-col-50 elementor-field-required\">\n\t\t\t\t\t\t\t\t\t\t\t\t\t<input size=\"1\" type=\"text\" name=\"form_fields[prenom]\" id=\"form-field-prenom\" class=\"elementor-field elementor-size-lg  elementor-field-textual\" placeholder=\"Last name\" required=\"required\">\n\t\t\t\t\t\t\t\t\t\t\t<\/div>\n\t\t\t\t\t\t\t\t<div class=\"elementor-field-type-email elementor-field-group elementor-column elementor-field-group-email elementor-col-50 elementor-field-required\">\n\t\t\t\t\t\t\t\t\t\t\t\t\t<input size=\"1\" type=\"email\" name=\"form_fields[email]\" id=\"form-field-email\" class=\"elementor-field elementor-size-lg  elementor-field-textual\" placeholder=\"Email\" required=\"required\">\n\t\t\t\t\t\t\t\t\t\t\t<\/div>\n\t\t\t\t\t\t\t\t<div class=\"elementor-field-type-tel elementor-field-group elementor-column elementor-field-group-telephone elementor-col-50 elementor-field-required\">\n\t\t\t\t\t\t\t<input size=\"1\" type=\"tel\" name=\"form_fields[telephone]\" id=\"form-field-telephone\" class=\"elementor-field elementor-size-lg  elementor-field-textual\" placeholder=\"Phone\" required=\"required\" pattern=\"[0-9()#&amp;+*-=.]+\" title=\"Only numbers and phone characters (#, -, *, etc) are accepted.\">\n\n\t\t\t\t\t\t<\/div>\n\t\t\t\t\t\t\t\t<div class=\"elementor-field-type-text elementor-field-group elementor-column elementor-field-group-numerorue elementor-col-100 elementor-field-required\">\n\t\t\t\t\t\t\t\t\t\t\t\t<label for=\"form-field-numerorue\" class=\"elementor-field-label\">\n\t\t\t\t\t\t\t\tFull Address\t\t\t\t\t\t\t<\/label>\n\t\t\t\t\t\t\t\t\t\t\t\t\t\t<input size=\"1\" type=\"text\" name=\"form_fields[numerorue]\" id=\"form-field-numerorue\" class=\"elementor-field elementor-size-lg  elementor-field-textual\" placeholder=\"Number, Street Name\" required=\"required\">\n\t\t\t\t\t\t\t\t\t\t\t<\/div>\n\t\t\t\t\t\t\t\t<div class=\"elementor-field-type-text elementor-field-group elementor-column elementor-field-group-cp elementor-col-50 elementor-field-required\">\n\t\t\t\t\t\t\t\t\t\t\t\t\t<input size=\"1\" type=\"text\" name=\"form_fields[cp]\" id=\"form-field-cp\" class=\"elementor-field elementor-size-lg  elementor-field-textual\" placeholder=\"Postal Code\" required=\"required\">\n\t\t\t\t\t\t\t\t\t\t\t<\/div>\n\t\t\t\t\t\t\t\t<div class=\"elementor-field-type-text elementor-field-group elementor-column elementor-field-group-commune elementor-col-50 elementor-field-required\">\n\t\t\t\t\t\t\t\t\t\t\t\t\t<input size=\"1\" type=\"text\" name=\"form_fields[commune]\" id=\"form-field-commune\" class=\"elementor-field elementor-size-lg  elementor-field-textual\" placeholder=\"Municipality\" required=\"required\">\n\t\t\t\t\t\t\t\t\t\t\t<\/div>\n\t\t\t\t\t\t\t\t<div class=\"elementor-field-type-select elementor-field-group elementor-column elementor-field-group-demande elementor-col-100 elementor-field-required\">\n\t\t\t\t\t\t\t\t\t\t\t\t<label for=\"form-field-demande\" class=\"elementor-field-label\">\n\t\t\t\t\t\t\t\tSpecify Your Request\t\t\t\t\t\t\t<\/label>\n\t\t\t\t\t\t\t\t<div class=\"elementor-field elementor-select-wrapper remove-before \">\n\t\t\t<div class=\"select-caret-down-wrapper\">\n\t\t\t\t<svg aria-hidden=\"true\" class=\"e-font-icon-svg e-eicon-caret-down\" viewBox=\"0 0 571.4 571.4\" xmlns=\"http:\/\/www.w3.org\/2000\/svg\"><path d=\"M571 393Q571 407 561 418L311 668Q300 679 286 679T261 668L11 418Q0 407 0 393T11 368 36 357H536Q550 357 561 368T571 393Z\"><\/path><\/svg>\t\t\t<\/div>\n\t\t\t<select name=\"form_fields[demande]\" id=\"form-field-demande\" class=\"elementor-field-textual elementor-size-lg\" required=\"required\">\n\t\t\t\t\t\t\t\t\t<option value=\"Sanding and Treatment \">Sanding and Treatment<\/option>\n\t\t\t\t\t\t\t\t\t<option value=\"Parquet Renovation \">Parquet Renovation<\/option>\n\t\t\t\t\t\t\t\t\t<option value=\"Parquet Installation \">Parquet Installation<\/option>\n\t\t\t\t\t\t\t\t\t<option value=\"Water Damage \">Water Damage<\/option>\n\t\t\t\t\t\t\t\t\t<option value=\"Repair \">Repair<\/option>\n\t\t\t\t\t\t\t\t\t<option value=\"Deck Installation \">Deck Installation<\/option>\n\t\t\t\t\t\t\t\t\t<option value=\"Deck Cleaning \">Deck Cleaning<\/option>\n\t\t\t\t\t\t\t<\/select>\n\t\t<\/div>\n\t\t\t\t\t\t<\/div>\n\t\t\t\t\t\t\t\t<div class=\"elementor-field-type-upload elementor-field-group elementor-column elementor-field-group-formphotos elementor-col-100\">\n\t\t\t\t\t\t\t\t\t\t\t\t<label for=\"form-field-formphotos\" class=\"elementor-field-label\">\n\t\t\t\t\t\t\t\tPhotos <span class=\"litle-form\">(in .jpg format)<\/span>\t\t\t\t\t\t\t<\/label>\n\t\t\t\t\t\t\t\t<input type=\"file\" name=\"form_fields[formphotos][]\" id=\"form-field-formphotos\" class=\"elementor-field elementor-size-lg  elementor-upload-field\" multiple=\"multiple\" data-maxsize=\"8\" data-maxsize-message=\"This file exceeds the maximum allowed size.\">\n\n\t\t\t\t\t\t<\/div>\n\t\t\t\t\t\t\t\t<div class=\"elementor-field-type-text elementor-field-group elementor-column elementor-field-group-metrescarres elementor-col-100 elementor-field-required\">\n\t\t\t\t\t\t\t\t\t\t\t\t\t<input size=\"1\" type=\"text\" name=\"form_fields[metrescarres]\" id=\"form-field-metrescarres\" class=\"elementor-field elementor-size-lg  elementor-field-textual\" placeholder=\"Square Meters\" required=\"required\">\n\t\t\t\t\t\t\t\t\t\t\t<\/div>\n\t\t\t\t\t\t\t\t<div class=\"elementor-field-type-textarea elementor-field-group elementor-column elementor-field-group-description elementor-col-100\">\n\t\t\t\t\t<textarea class=\"elementor-field-textual elementor-field  elementor-size-lg\" name=\"form_fields[description]\" id=\"form-field-description\" rows=\"6\" placeholder=\"Description\"><\/textarea>\t\t\t\t<\/div>\n\t\t\t\t\t\t\t\t<div class=\"elementor-field-type-recaptcha_v3 elementor-field-group elementor-column elementor-field-group-field_6eabc31 elementor-col-100 recaptcha_v3-inline\">\n\t\t\t\t\t<div class=\"elementor-field\" id=\"form-field-field_6eabc31\"><div class=\"elementor-g-recaptcha\" data-sitekey=\"6Le_uI4rAAAAAAHrO8_C60qrxNUuG3-nbaA1Dnlx\" data-type=\"v3\" data-action=\"Form\" data-badge=\"inline\" data-size=\"invisible\"><\/div><\/div>\t\t\t\t<\/div>\n\t\t\t\t\t\t\t\t<div class=\"elementor-field-group elementor-column elementor-field-type-submit elementor-col-100 e-form__buttons\">\n\t\t\t\t\t<button class=\"elementor-button elementor-size-sm\" type=\"submit\">\n\t\t\t\t\t\t<span class=\"elementor-button-content-wrapper\">\n\t\t\t\t\t\t\t\t\t\t\t\t\t\t\t\t\t\t\t\t\t\t<span class=\"elementor-button-text\">Send<\/span>\n\t\t\t\t\t\t\t\t\t\t\t\t\t<\/span>\n\t\t\t\t\t<\/button>\n\t\t\t\t<\/div>\n\t\t\t<\/div>\n\t\t<\/form>\n\t\t\t\t\t\t<\/div>\n\t\t\t\t<\/div>\n\t\t\t\t<\/div>\n\t\t<div class=\"elementor-element elementor-element-12c19177 e-con-full e-flex e-con e-child\" data-id=\"12c19177\" data-element_type=\"container\">\n\t\t\t\t<div class=\"elementor-element elementor-element-30e47f9f elementor-absolute elementor-invisible elementor-widget elementor-widget-image\" data-id=\"30e47f9f\" data-element_type=\"widget\" data-settings=\"{&quot;_position&quot;:&quot;absolute&quot;,&quot;_animation&quot;:&quot;fadeInUp&quot;,&quot;_animation_delay&quot;:650}\" data-widget_type=\"image.default\">\n\t\t\t\t<div class=\"elementor-widget-container\">\n\t\t\t\t\t\t\t\t\t\t\t\t\t\t\t<img loading=\"lazy\" decoding=\"async\" width=\"196\" height=\"120\" src=\"https:\/\/www.adeparquets.be\/wp-content\/uploads\/2025\/07\/Since-2000.png\" class=\"attachment-large size-large wp-image-1421\" alt=\"\" \/>\t\t\t\t\t\t\t\t\t\t\t\t\t\t\t<\/div>\n\t\t\t\t<\/div>\n\t\t\t\t<\/div>\n\t\t\t\t\t<\/div>\n\t\t\t\t<\/div>\n\t\t<div class=\"elementor-element elementor-element-cb0a984 e-con-full e-flex e-con e-parent\" data-id=\"cb0a984\" data-element_type=\"container\">\n\t\t<div class=\"elementor-element elementor-element-270c44f e-con-full e-flex e-con e-child\" data-id=\"270c44f\" data-element_type=\"container\">\n\t\t<div class=\"elementor-element elementor-element-d8c0358 e-con-full e-flex e-con e-child\" data-id=\"d8c0358\" data-element_type=\"container\" data-settings=\"{&quot;background_background&quot;:&quot;classic&quot;}\">\n\t\t\t\t<div class=\"elementor-element elementor-element-6c4fb1f5 elementor-widget elementor-widget-heading\" data-id=\"6c4fb1f5\" data-element_type=\"widget\" data-widget_type=\"heading.default\">\n\t\t\t\t<div class=\"elementor-widget-container\">\n\t\t\t\t\t<h2 class=\"elementor-heading-title elementor-size-default\">Av. Prekelinden, 70<br>1200 Bruxelles <\/h2>\t\t\t\t<\/div>\n\t\t\t\t<\/div>\n\t\t\t\t<div class=\"elementor-element elementor-element-5c888973 elementor-widget elementor-widget-heading\" data-id=\"5c888973\" data-element_type=\"widget\" data-widget_type=\"heading.default\">\n\t\t\t\t<div class=\"elementor-widget-container\">\n\t\t\t\t\t<h2 class=\"elementor-heading-title elementor-size-default\">Monday to Friday \n9:00 AM to 6:00 PM\nSaturday \n9:00 AM to 5:00 PM\n<\/h2>\t\t\t\t<\/div>\n\t\t\t\t<\/div>\n\t\t\t\t<div class=\"elementor-element elementor-element-816ab48 elementor-widget elementor-widget-heading\" data-id=\"816ab48\" data-element_type=\"widget\" data-widget_type=\"heading.default\">\n\t\t\t\t<div class=\"elementor-widget-container\">\n\t\t\t\t\t<h2 class=\"elementor-heading-title elementor-size-default\"><a href=\"mailto:info@adeparquets.be\">info@adeparquets.be<\/a><\/br>\n<a href=\"tel:+3227327750\">+32 (0)2 732 77 50<\/a><\/h2>\t\t\t\t<\/div>\n\t\t\t\t<\/div>\n\t\t\t\t<\/div>\n\t\t\t\t<\/div>\n\t\t<div class=\"elementor-element elementor-element-3ad307a e-con-full e-flex e-con e-child\" data-id=\"3ad307a\" data-element_type=\"container\">\n\t\t\t\t<div class=\"elementor-element elementor-element-984b34c elementor-widget elementor-widget-google_maps\" data-id=\"984b34c\" data-element_type=\"widget\" data-widget_type=\"google_maps.default\">\n\t\t\t\t<div class=\"elementor-widget-container\">\n\t\t\t\t\t\t\t<div class=\"elementor-custom-embed\">\n\t\t\t<iframe loading=\"lazy\"\n\t\t\t\t\tsrc=\"https:\/\/maps.google.com\/maps?q=Av.%20Prekelinden%2C%2070%201200%20Bruxelles&#038;t=m&#038;z=13&#038;output=embed&#038;iwloc=near\"\n\t\t\t\t\ttitle=\"Av. Prekelinden, 70 1200 Bruxelles\"\n\t\t\t\t\taria-label=\"Av. Prekelinden, 70 1200 Bruxelles\"\n\t\t\t><\/iframe>\n\t\t<\/div>\n\t\t\t\t\t\t<\/div>\n\t\t\t\t<\/div>\n\t\t\t\t<\/div>\n\t\t\t\t<\/div>\n\t\t\t\t<\/div>\n\t\t","protected":false},"excerpt":{"rendered":"<p>Quote Online Request a Quote Av. Prekelinden, 701200 Bruxelles Monday to Friday 9:00 AM to 6:00 PM Saturday 9:00 AM to 5:00 PM info@adeparquets.be +32 (0)2 732 77 50<\/p>\n","protected":false},"author":1,"featured_media":0,"parent":0,"menu_order":0,"comment_status":"closed","ping_status":"closed","template":"","meta":{"footnotes":""},"class_list":["post-1698","page","type-page","status-publish","hentry"],"yoast_head":"<!-- This site is optimized with the Yoast SEO plugin v26.0 - https:\/\/yoast.com\/wordpress\/plugins\/seo\/ -->\n<title>Contact - ADE Parquets<\/title>\n<meta name=\"robots\" content=\"index, follow, max-snippet:-1, max-image-preview:large, max-video-preview:-1\" \/>\n<link rel=\"canonical\" href=\"https:\/\/www.adeparquets.be\/en\/contact\/\" \/>\n<meta property=\"og:locale\" content=\"en_US\" \/>\n<meta property=\"og:type\" content=\"article\" \/>\n<meta property=\"og:title\" content=\"Contact - ADE Parquets\" \/>\n<meta property=\"og:description\" content=\"Quote Online Request a Quote Av. Prekelinden, 701200 Bruxelles Monday to Friday 9:00 AM to 6:00 PM Saturday 9:00 AM to 5:00 PM info@adeparquets.be +32 (0)2 732 77 50\" \/>\n<meta property=\"og:url\" content=\"https:\/\/www.adeparquets.be\/en\/contact\/\" \/>\n<meta property=\"og:site_name\" content=\"ADE Parquets\" \/>\n<meta property=\"article:modified_time\" content=\"2025-09-29T22:59:00+00:00\" \/>\n<meta name=\"twitter:card\" content=\"summary_large_image\" \/>\n<script type=\"application\/ld+json\" class=\"yoast-schema-graph\">{\"@context\":\"https:\/\/schema.org\",\"@graph\":[{\"@type\":\"WebPage\",\"@id\":\"https:\/\/www.adeparquets.be\/en\/contact\/\",\"url\":\"https:\/\/www.adeparquets.be\/en\/contact\/\",\"name\":\"Contact - ADE Parquets\",\"isPartOf\":{\"@id\":\"https:\/\/www.adeparquets.be\/en\/#website\"},\"primaryImageOfPage\":{\"@id\":\"https:\/\/www.adeparquets.be\/en\/contact\/#primaryimage\"},\"image\":{\"@id\":\"https:\/\/www.adeparquets.be\/en\/contact\/#primaryimage\"},\"thumbnailUrl\":\"https:\/\/www.adeparquets.be\/wp-content\/uploads\/2025\/07\/Hand.svg\",\"datePublished\":\"2025-07-23T23:36:38+00:00\",\"dateModified\":\"2025-09-29T22:59:00+00:00\",\"breadcrumb\":{\"@id\":\"https:\/\/www.adeparquets.be\/en\/contact\/#breadcrumb\"},\"inLanguage\":\"en-US\",\"potentialAction\":[{\"@type\":\"ReadAction\",\"target\":[\"https:\/\/www.adeparquets.be\/en\/contact\/\"]}]},{\"@type\":\"ImageObject\",\"inLanguage\":\"en-US\",\"@id\":\"https:\/\/www.adeparquets.be\/en\/contact\/#primaryimage\",\"url\":\"https:\/\/www.adeparquets.be\/wp-content\/uploads\/2025\/07\/Hand.svg\",\"contentUrl\":\"https:\/\/www.adeparquets.be\/wp-content\/uploads\/2025\/07\/Hand.svg\"},{\"@type\":\"BreadcrumbList\",\"@id\":\"https:\/\/www.adeparquets.be\/en\/contact\/#breadcrumb\",\"itemListElement\":[{\"@type\":\"ListItem\",\"position\":1,\"name\":\"Accueil\",\"item\":\"https:\/\/www.adeparquets.be\/en\/\"},{\"@type\":\"ListItem\",\"position\":2,\"name\":\"Contact\"}]},{\"@type\":\"WebSite\",\"@id\":\"https:\/\/www.adeparquets.be\/en\/#website\",\"url\":\"https:\/\/www.adeparquets.be\/en\/\",\"name\":\"ADE Parquets\",\"description\":\"Le sp\u00e9cialiste en pose, r\u00e9paration et vente de parquets \u00e0 Bruxelles\",\"publisher\":{\"@id\":\"https:\/\/www.adeparquets.be\/en\/#organization\"},\"potentialAction\":[{\"@type\":\"SearchAction\",\"target\":{\"@type\":\"EntryPoint\",\"urlTemplate\":\"https:\/\/www.adeparquets.be\/en\/?s={search_term_string}\"},\"query-input\":{\"@type\":\"PropertyValueSpecification\",\"valueRequired\":true,\"valueName\":\"search_term_string\"}}],\"inLanguage\":\"en-US\"},{\"@type\":\"Organization\",\"@id\":\"https:\/\/www.adeparquets.be\/en\/#organization\",\"name\":\"ADE Parquets\",\"url\":\"https:\/\/www.adeparquets.be\/en\/\",\"logo\":{\"@type\":\"ImageObject\",\"inLanguage\":\"en-US\",\"@id\":\"https:\/\/www.adeparquets.be\/en\/#\/schema\/logo\/image\/\",\"url\":\"https:\/\/www.adeparquets.be\/wp-content\/uploads\/2025\/06\/LOGO-ADE-2024.png\",\"contentUrl\":\"https:\/\/www.adeparquets.be\/wp-content\/uploads\/2025\/06\/LOGO-ADE-2024.png\",\"width\":1172,\"height\":336,\"caption\":\"ADE Parquets\"},\"image\":{\"@id\":\"https:\/\/www.adeparquets.be\/en\/#\/schema\/logo\/image\/\"}}]}<\/script>\n<!-- \/ Yoast SEO plugin. -->","yoast_head_json":{"title":"Contact - ADE Parquets","robots":{"index":"index","follow":"follow","max-snippet":"max-snippet:-1","max-image-preview":"max-image-preview:large","max-video-preview":"max-video-preview:-1"},"canonical":"https:\/\/www.adeparquets.be\/en\/contact\/","og_locale":"en_US","og_type":"article","og_title":"Contact - ADE Parquets","og_description":"Quote Online Request a Quote Av. Prekelinden, 701200 Bruxelles Monday to Friday 9:00 AM to 6:00 PM Saturday 9:00 AM to 5:00 PM info@adeparquets.be +32 (0)2 732 77 50","og_url":"https:\/\/www.adeparquets.be\/en\/contact\/","og_site_name":"ADE Parquets","article_modified_time":"2025-09-29T22:59:00+00:00","twitter_card":"summary_large_image","schema":{"@context":"https:\/\/schema.org","@graph":[{"@type":"WebPage","@id":"https:\/\/www.adeparquets.be\/en\/contact\/","url":"https:\/\/www.adeparquets.be\/en\/contact\/","name":"Contact - ADE Parquets","isPartOf":{"@id":"https:\/\/www.adeparquets.be\/en\/#website"},"primaryImageOfPage":{"@id":"https:\/\/www.adeparquets.be\/en\/contact\/#primaryimage"},"image":{"@id":"https:\/\/www.adeparquets.be\/en\/contact\/#primaryimage"},"thumbnailUrl":"https:\/\/www.adeparquets.be\/wp-content\/uploads\/2025\/07\/Hand.svg","datePublished":"2025-07-23T23:36:38+00:00","dateModified":"2025-09-29T22:59:00+00:00","breadcrumb":{"@id":"https:\/\/www.adeparquets.be\/en\/contact\/#breadcrumb"},"inLanguage":"en-US","potentialAction":[{"@type":"ReadAction","target":["https:\/\/www.adeparquets.be\/en\/contact\/"]}]},{"@type":"ImageObject","inLanguage":"en-US","@id":"https:\/\/www.adeparquets.be\/en\/contact\/#primaryimage","url":"https:\/\/www.adeparquets.be\/wp-content\/uploads\/2025\/07\/Hand.svg","contentUrl":"https:\/\/www.adeparquets.be\/wp-content\/uploads\/2025\/07\/Hand.svg"},{"@type":"BreadcrumbList","@id":"https:\/\/www.adeparquets.be\/en\/contact\/#breadcrumb","itemListElement":[{"@type":"ListItem","position":1,"name":"Accueil","item":"https:\/\/www.adeparquets.be\/en\/"},{"@type":"ListItem","position":2,"name":"Contact"}]},{"@type":"WebSite","@id":"https:\/\/www.adeparquets.be\/en\/#website","url":"https:\/\/www.adeparquets.be\/en\/","name":"ADE Parquets","description":"Le sp\u00e9cialiste en pose, r\u00e9paration et vente de parquets \u00e0 Bruxelles","publisher":{"@id":"https:\/\/www.adeparquets.be\/en\/#organization"},"potentialAction":[{"@type":"SearchAction","target":{"@type":"EntryPoint","urlTemplate":"https:\/\/www.adeparquets.be\/en\/?s={search_term_string}"},"query-input":{"@type":"PropertyValueSpecification","valueRequired":true,"valueName":"search_term_string"}}],"inLanguage":"en-US"},{"@type":"Organization","@id":"https:\/\/www.adeparquets.be\/en\/#organization","name":"ADE Parquets","url":"https:\/\/www.adeparquets.be\/en\/","logo":{"@type":"ImageObject","inLanguage":"en-US","@id":"https:\/\/www.adeparquets.be\/en\/#\/schema\/logo\/image\/","url":"https:\/\/www.adeparquets.be\/wp-content\/uploads\/2025\/06\/LOGO-ADE-2024.png","contentUrl":"https:\/\/www.adeparquets.be\/wp-content\/uploads\/2025\/06\/LOGO-ADE-2024.png","width":1172,"height":336,"caption":"ADE Parquets"},"image":{"@id":"https:\/\/www.adeparquets.be\/en\/#\/schema\/logo\/image\/"}}]}},"_links":{"self":[{"href":"https:\/\/www.adeparquets.be\/en\/wp-json\/wp\/v2\/pages\/1698","targetHints":{"allow":["GET"]}}],"collection":[{"href":"https:\/\/www.adeparquets.be\/en\/wp-json\/wp\/v2\/pages"}],"about":[{"href":"https:\/\/www.adeparquets.be\/en\/wp-json\/wp\/v2\/types\/page"}],"author":[{"embeddable":true,"href":"https:\/\/www.adeparquets.be\/en\/wp-json\/wp\/v2\/users\/1"}],"replies":[{"embeddable":true,"href":"https:\/\/www.adeparquets.be\/en\/wp-json\/wp\/v2\/comments?post=1698"}],"version-history":[{"count":3,"href":"https:\/\/www.adeparquets.be\/en\/wp-json\/wp\/v2\/pages\/1698\/revisions"}],"predecessor-version":[{"id":1702,"href":"https:\/\/www.adeparquets.be\/en\/wp-json\/wp\/v2\/pages\/1698\/revisions\/1702"}],"wp:attachment":[{"href":"https:\/\/www.adeparquets.be\/en\/wp-json\/wp\/v2\/media?parent=1698"}],"curies":[{"name":"wp","href":"https:\/\/api.w.org\/{rel}","templated":true}]}}